{"id":6,"date":"2013-09-06T09:44:47","date_gmt":"2013-09-06T06:44:47","guid":{"rendered":"http:\/\/www.kivikko.fi\/?page_id=6"},"modified":"2019-02-05T09:58:11","modified_gmt":"2019-02-05T07:58:11","slug":"paasivu","status":"publish","type":"page","link":"https:\/\/www.kivikko.fi\/","title":{"rendered":"P\u00e4\u00e4sivu"},"content":{"rendered":"<p>Kaikki palvelut kotiin! Kotihoidosta meill\u00e4 on yli kymmenen vuoden kokemus.Toimintamme perustana on tasa-arvoisuus ja luotettavuus.<br \/>\nPalvelut r\u00e4\u00e4t\u00e4l\u00f6id\u00e4\u00e4n yksil\u00f6llisesti, asiakasta kuunnellen.\u00a0Hoivapalvelut, kotipalvelut, huoltopalvelut ja m\u00f6kkitalkkaripalvelut.<\/p>\n<p>Olemme Sein\u00e4joen kaupungin hyv\u00e4ksym\u00e4 palveluseteliyritt\u00e4j\u00e4.<\/p>\n<h3>Yhteystiedot<\/h3>\n<p><strong>Marika<\/strong><\/p>\n<p>Puh: 040-594 2871 \/ 045-278 4114<\/p>\n<p>&nbsp;<\/p>\n","protected":false},"excerpt":{"rendered":"<p>Kaikki palvelut kotiin! Kotihoidosta meill\u00e4 on yli kymmenen vuoden kokemus.Toimintamme perustana on tasa-arvoisuus ja luotettavuus. Palvelut r\u00e4\u00e4t\u00e4l\u00f6id\u00e4\u00e4n yksil\u00f6llisesti, asiakasta kuunnellen.\u00a0Hoivapalvelut, kotipalvelut, huoltopalvelut ja m\u00f6kkitalkkaripalvelut. Olemme Sein\u00e4joen kaupungin hyv\u00e4ksym\u00e4 palveluseteliyritt\u00e4j\u00e4. Yhteystiedot Marika Puh: 040-594 2871 \/ 045-278 4114 &nbsp;<\/p>\n","protected":false},"author":1,"featured_media":0,"parent":0,"menu_order":0,"comment_status":"closed","ping_status":"closed","template":"","meta":{"footnotes":""},"class_list":["post-6","page","type-page","status-publish","hentry"],"_links":{"self":[{"href":"https:\/\/www.kivikko.fi\/index.php?rest_route=\/wp\/v2\/pages\/6","targetHints":{"allow":["GET"]}}],"collection":[{"href":"https:\/\/www.kivikko.fi\/index.php?rest_route=\/wp\/v2\/pages"}],"about":[{"href":"https:\/\/www.kivikko.fi\/index.php?rest_route=\/wp\/v2\/types\/page"}],"author":[{"embeddable":true,"href":"https:\/\/www.kivikko.fi\/index.php?rest_route=\/wp\/v2\/users\/1"}],"replies":[{"embeddable":true,"href":"https:\/\/www.kivikko.fi\/index.php?rest_route=%2Fwp%2Fv2%2Fcomments&post=6"}],"version-history":[{"count":11,"href":"https:\/\/www.kivikko.fi\/index.php?rest_route=\/wp\/v2\/pages\/6\/revisions"}],"predecessor-version":[{"id":41,"href":"https:\/\/www.kivikko.fi\/index.php?rest_route=\/wp\/v2\/pages\/6\/revisions\/41"}],"wp:attachment":[{"href":"https:\/\/www.kivikko.fi\/index.php?rest_route=%2Fwp%2Fv2%2Fmedia&parent=6"}],"curies":[{"name":"wp","href":"https:\/\/api.w.org\/{rel}","templated":true}]}}